{"id":28,"date":"2022-03-02T20:52:15","date_gmt":"2022-03-02T20:52:15","guid":{"rendered":"http:\/\/cicloinnova.com\/index.php\/mesmerize\/"},"modified":"2025-02-15T17:01:59","modified_gmt":"2025-02-15T17:01:59","slug":"mesmerize","status":"publish","type":"page","link":"https:\/\/cicloinnova.com\/","title":{"rendered":"Consultor\u00eda empresarial: Marlon Vel\u00e1squez Vald\u00e9s"},"content":{"rendered":"<div id=\"features-2\" class=\"features-ov-4-mc content-section content-section-spacing\" style=\"background-color: #ffffff;\" data-label=\"Features\" data-id=\"features-ov-4-mc\" data-export-id=\"features-ov-4-mc\" data-category=\"features\">\n<div class=\"\">\n<div class=\"row spaced-cols text-center\" data-type=\"row\">\n<div class=\"col-xs-12 col-sm-4 col-padding col-md-3 \"><i class=\"fa icon shadow-large-black aligncenter color1 fa-send-o reverse round large\"><\/i>\n<div class=\"\" data-type=\"column\">\n<h5 class=\"font-400\">LIDERAZGO ESTRATEGICO Y TRASNFORMACION ORGANIZACIONAL<\/h5>\n<p class=\"\">Dise\u00f1amos estrategias personalizadas de alto<\/p>\nvalor agregado alineados a los valores\n\ncorporativos que impulsar\u00e1n la ejecuci\u00f3n\n\nacelerada y exitosa de la estrategia empresarial.\n\nEstamos orientados a generar resultados visibles a\n\nTraves de herramientas que nos permitan dise\u00f1ar\n\nint e r v e ncio n e s preci s a s y f oca l i z ada s e n l as\n\nnecesidades del cliente.\n\n<\/div>\n<\/div>\n<div class=\"col-xs-12 col-sm-4 col-padding col-md-3 \"><i class=\"fa icon fa-cogs large shadow-large-black round aligncenter reverse color2\"><\/i>\n<div class=\"\" data-type=\"column\">\n<h5 class=\"font-400\">MEJORAMIENTO SISTEMAS OPERACIONALES<\/h5>\n<p class=\"\">Mejoramiento<\/p>\nde la Productividad de sus sistema\n\nde manufactura aportando soluciones\n\npersonalizadas e innovadoras que generen\n\nresultados bajo las premisas de Eficiencia, calidad\n\n<\/div>\n<\/div>\n<div class=\"col-xs-12 col-sm-4 col-padding col-md-3 \"><i class=\"fa icon fa-magic large shadow-large-black round aligncenter reverse color4\"><\/i>\n<div class=\"\" data-type=\"column\">\n<h5 class=\"font-400\">GESTION DE LA INNOVACION<\/h5>\n<p class=\"\">Transformamos<\/p>\nla organizaci\u00f3n aline\u00e1ndola a la\n\nestrategia corporativa, dise\u00f1ando y\n\nestandarizando los procesos hacia la eficiencia\n\noperacional\n\nPuesta\n\nen marcha del modelo organizacional que\n\nsoporte los planes de acci\u00f3n hacia la\n\ncompetitividad sostenida.\n\n<\/div>\n<\/div>\n<div class=\"col-xs-12 col-sm-4 col-padding col-md-3 \"><i class=\"fa icon shadow-large-black aligncenter color1 fa-bar-chart reverse round large\"><\/i>\n<div class=\"\" data-type=\"column\">\n<h5 class=\"font-400\">CONTROL DE GESTION<\/h5>\n<p class=\"\">DEfinici\u00f3n e implementacion de modelos de control de la gesti\u00f3n empresarial que aporten indicadores para la toma de decisiones.<\/p>\n\n<\/div>\n<\/div>\n<\/div>\n<\/div>\n<\/div>\n<div id=\"about-1\" class=\"about-images-right-section-mc content-section content-section-spacing\" style=\"background-color: #f5fafd;\" data-label=\"About\" data-id=\"about-images-right-section-mc\" data-export-id=\"about-images-right-section-mc\" data-bullets-visibility=\"true\" data-category=\"about\">\n<div class=\"gridContainer\">\n<div class=\"row middle-sm text-center\">\n<div class=\"col-sm-5 content-left-sm\" data-type=\"column\">\n<h2 class=\"\">QUIENES SOMOS<\/h2>\n<p class=\"\">Somos\u00a0un equipo de profesionales que\u00a0busca brindar soluciones oportunas e\u00a0integrales en la generaci\u00f3n de una\u00a0ventaja competitiva para las empresas<\/p>\n<p class=\"\">Entregamos herramientas personalizadas\u00a0y alineadas a la realidad de los negocios.<\/p>\n<p class=\"\"><a class=\"button color1\" href=\"#\" target=\"_self\" rel=\"noopener\" data-cp-link=\"1\">CONTACTANOS<\/a><\/p>\n<a class=\"link\" href=\"#Contactanos\" target=\"_self\" data-cp-link=\"1\">new link<\/a>\n\n<\/div>\n<div class=\"col-sm-7 space-bottom-xs\">\n<div class=\"image-group-side-3-img\"><img decoding=\"async\" class=\"topimg shadow-large\" src=\"https:\/\/cicloinnova.com\/wp-content\/themes\/highlight\/customizer\/sections\/images\/cropped-paper-571937_1920.jpg\" \/> <img decoding=\"async\" class=\"rightimg shadow-large\" src=\"https:\/\/cicloinnova.com\/wp-content\/themes\/highlight\/customizer\/sections\/images\/cropped-cropped-background-2726039-6x4.jpg\" \/>\n<div class=\"leftimg\"><img decoding=\"async\" class=\"shadow-large\" src=\"https:\/\/cicloinnova.com\/wp-content\/themes\/highlight\/customizer\/sections\/images\/cropped-girl-2940655_1920.jpg\" \/><\/div>\n<\/div>\n<\/div>\n<\/div>\n<\/div>\n<\/div>\n<div id=\"features-1\" class=\"features-16-card-bordered-mc content-section content-section-spacing\" style=\"background-color: #ffffff;\" data-label=\"Features\" data-id=\"features-16-card-bordered-mc\" data-export-id=\"features-16-card-bordered-mc\" data-bullets-visibility=\"true\" data-category=\"features\">\n<div class=\"gridContainer\">\n<div class=\"row text-center\">\n<div class=\"section-title-col\" data-type=\"column\">\n<h5 class=\"\">Consultoria personalizada<\/h5>\n<h2 class=\"\">Generamos Transformacion Organizacional!<\/h2>\n<p class=\"lead\">Talleres<\/p>\npr\u00e1cticos de gesti\u00f3n del Cambio que\n\nimpulsen la ejecuci\u00f3n de la estrategia en la\n\nempresa empoderando a los equipos de trabajo\n\nhacia el reto empresarial\n\n<\/div>\n<\/div>\n<div class=\"row spaced-cols\" data-type=\"row\">\n<div class=\"col-xs-12 col-sm-6 col-md-4\">\n<div class=\"card no-padding bordered y-move\"><img decoding=\"async\" class=\"face\" src=\"https:\/\/cicloinnova.com\/wp-content\/themes\/highlight\/customizer\/sections\/images\/agreement-2548139_1920.jpg\" \/>\n<div class=\"col-padding-small col-padding-small-xs description-container\" data-type=\"column\">\n<h4 class=\"font-500\">Metodolog\u00edas claras<\/h4>\n<p class=\"\">Alineadas a las necesidades puntuales de cada empresa.<\/p>\n\n<\/div>\n<div class=\"col-padding-small col-padding-small-xs read-more-container\" data-type=\"column\"><\/div>\n<\/div>\n<\/div>\n<div class=\"col-xs-12 col-sm-6 col-md-4\">\n<div class=\"card no-padding bordered y-move\"><img decoding=\"async\" class=\"face\" src=\"https:\/\/cicloinnova.com\/wp-content\/themes\/highlight\/customizer\/sections\/images\/pencils-452238_1920.jpg\" \/>\n<div class=\"col-padding-small col-padding-small-xs description-container\" data-type=\"column\">\n<h4 class=\"font-500\">Herramientas pr\u00e1cticas<\/h4>\n<p class=\"\">Definici\u00f3n y desarrollo de herramientas pr\u00e1cticas para garantizar la efectividad en las implementaciones.<\/p>\n\n<\/div>\n<div class=\"col-padding-small col-padding-small-xs read-more-container\" data-type=\"column\"><\/div>\n<\/div>\n<\/div>\n<div class=\"col-xs-12 col-sm-6 col-md-4\">\n<div class=\"card no-padding bordered y-move\"><img decoding=\"async\" class=\"face\" src=\"https:\/\/cicloinnova.com\/wp-content\/themes\/highlight\/customizer\/sections\/images\/cropped-startup-849804_1920.jpg\" \/>\n<div class=\"col-padding-small col-padding-small-xs description-container\" data-type=\"column\">\n<h4 class=\"font-500\">Entrenamientos personalizados<\/h4>\n<p class=\"\">Work Shop, capacitaciones y\/o entrenamientos alineados a equipo de trabajo de la empresa y a las necesidades y oportunidades de mejoramiento.<\/p>\n\n<\/div>\n<div class=\"col-padding-small col-padding-small-xs read-more-container\" data-type=\"column\"><\/div>\n<\/div>\n<\/div>\n<\/div>\n<\/div>\n<\/div>\n<div id=\"content-1\" class=\"content-7-mc content-section content-section-spacing\" style=\"background-color: #f5fafd;\" data-label=\"Content\" data-id=\"content-7-mc\" data-export-id=\"content-7-mc\" data-category=\"content\">\n<div class=\"gridContainer\">\n<div class=\"row middle-sm\">\n<div class=\"col-sm-6 space-bottom-xs\" data-type=\"column\">\n<h2 class=\"\">Acompa\u00f1amiento en la gesti\u00f3n Organizacional<\/h2>\n<p class=\"\">Servicio de acompa\u00f1amiento en el desarrollo de estrategias, implementaci\u00f3n de procesos y gerencia de iniciativas que aporten competitividad a la empresa.<\/p>\n<p class=\"\"><a class=\"button color1\" href=\"#\" target=\"_self\" rel=\"noopener\" data-cp-link=\"1\">Nuevo Servicio!<\/a><\/p>\n\n<\/div>\n<div class=\"col-sm-6\" data-type=\"column\"><img decoding=\"async\" class=\"shadow-large\" title=\"cropped-cropped-20190815_161819_0001.png\" src=\"https:\/\/cicloinnova.com\/wp-content\/uploads\/2022\/03\/cropped-cropped-20190815_161819_0001.png\" alt=\"\" \/><\/div>\n<\/div>\n<\/div>\n<\/div>\n<div id=\"portfolio-1\" class=\"portfolio-5-mc content-section content-section-spacing section-title-col-white-text bg-color1\" data-label=\"Portfolio\" data-id=\"portfolio-5-mc\" data-export-id=\"portfolio-5-mc\" data-bullets-visibility=\"true\" data-category=\"portfolio\">\n<div class=\"gridContainer\">\n<div class=\"row text-center\">\n<div class=\"section-title-col\" data-type=\"column\">\n<h5 class=\"\">Tienes Necesidades en:<\/h5>\n<\/div>\n<\/div>\n<div class=\"row space-bottom spaced-cols center-sm content-center-sm\" data-type=\"row\">\n<div class=\"col-xs-12 col-sm-4 text-center\">\n<div class=\"card no-padding bordered\">\n<div class=\"contentswap-effect contentswap-overlay\" style=\"float: none; margin: 0; width: 100%;\" data-hover-fx=\"portfolio-6\">\n<div class=\"initial-image\" style=\"float: none; margin: 0;\"><\/div>\n<div class=\"overlay bg-color6\" style=\"display: block; transition: opacity 800ms ease 0s; -webkit-transition-timing-function: ease; -moz-transition-timing-function: ease; -o-transition-timing-function: ease; transition-timing-function: ease;\"><\/div>\n<div class=\"swap-inner col-xs-12\" style=\"display: block; transition: all 800ms ease 0s; background-color: rgba(0,0,0,0); margin-top: 0;\">\n<div class=\"row full-height-row middle-xs middle-sm\">\n<div class=\"col-xs-12 text-center content-holder\"><a class=\"button small color2\" href=\"#\">View case study<\/a><\/div>\n<\/div>\n<\/div>\n<\/div>\n<div class=\"col-xs-12\">\n<div class=\"space-bottom space-top\" data-type=\"column\">\n<h5 class=\"\" style=\"text-align: center;\">Tienes problemas en?<\/h5>\n<p class=\"small italic\"><img loading=\"lazy\" decoding=\"async\" class=\"wp-image-62 aligncenter\" src=\"https:\/\/cicloinnova.com\/wp-content\/uploads\/2025\/02\/Problemas-en-1-300x169.png\" sizes=\"auto, (max-width: 449px) 100vw, 449px\" srcset=\"https:\/\/cicloinnova.com\/wp-content\/uploads\/2025\/02\/Problemas-en-1-300x169.png 300w, https:\/\/cicloinnova.com\/wp-content\/uploads\/2025\/02\/Problemas-en-1-1024x576.png 1024w, https:\/\/cicloinnova.com\/wp-content\/uploads\/2025\/02\/Problemas-en-1-768x432.png 768w, https:\/\/cicloinnova.com\/wp-content\/uploads\/2025\/02\/Problemas-en-1-1536x864.png 1536w, https:\/\/cicloinnova.com\/wp-content\/uploads\/2025\/02\/Problemas-en-1.png 1600w\" alt=\"\" width=\"449\" height=\"253\" \/><\/p>\n\n<\/div>\n<\/div>\n<\/div>\n<\/div>\n<div class=\"contentswap-effect contentswap-overlay\" style=\"float: none; margin: 0; width: 100%;\" data-hover-fx=\"portfolio-6\"><\/div>\n<\/div>\n<div class=\"row\"><\/div>\n<\/div>\n<\/div>\n<div id=\"testimonials-1\" class=\"testimonials-5-mc content-section content-section-spacing\" style=\"background-color: #ffffff;\" data-label=\"Testimonials\" data-id=\"testimonials-5-mc\" data-export-id=\"testimonials-5-mc\" data-category=\"testimonials\">\n<div class=\"gridContainer\">\n<div class=\"row spaced-cols content-center-sm\" data-type=\"row\">\n<div class=\"col-sm-4\">\n<div class=\"card y-move bordered\" data-type=\"column\"><\/div>\n<\/div>\n<\/div>\n<\/div>\n<\/div>\n<div id=\"contact\" class=\"contact-1-mc content-section content-section-spacing white-text\" style=\"background-color: #ffffff;\" data-label=\"Contact\" data-id=\"contact-1-mc\" data-export-id=\"contact-1-mc\" data-bullets-visibility=\"true\" data-category=\"contact\" data-parallax-depth=\"20\">\n<div class=\"gridContainer\">\n<div class=\"row text-center\">\n<div class=\"section-title-col\" data-type=\"column\">\n<h5 class=\"\">CONECTATE CON NOSTROSOS<\/h5>\n<h2 class=\"\">CONTACTANOS<\/h2>\n<p class=\"lead\">Con gusto te atenderemos y diagnosticaremos tu empresa para crear proyectos de mejoramiento personalizados a tu modelo de negocio<\/p>\n<p class=\"\"><a class=\"link\" href=\"&lt;\/strong&gt; Contact form not found.&lt;\/p&gt;\" target=\"_self\" rel=\"noopener\" data-cp-link=\"1\">nuevo enlace<\/a><\/p>\n\n<\/div>\n<\/div>\n<div class=\"row text-center\">\n<div class=\"col-xs-12 col-sm-8 col-sm-offset-2 contact-form-wrapper inline-info\">\n<div class=\"card large-padding\">\n<div class=\"\" data-content-shortcode=\"mesmerize_contact_form shortcode=&quot;contact-form-7 id=&amp;amp;quot;49&amp;amp;quot; title=&amp;amp;quot;Cont\u00e1ctenos&amp;amp;quot;&quot;\" data-editable=\"true\">\n<div class=\"wpcf7 no-js\" id=\"wpcf7-f49-o1\" lang=\"es-ES\" dir=\"ltr\" data-wpcf7-id=\"49\">\n<div class=\"screen-reader-response\"><p role=\"status\" aria-live=\"polite\" aria-atomic=\"true\"><\/p> <ul><\/ul><\/div>\n<form action=\"\/index.php\/wp-json\/wp\/v2\/pages\/28#wpcf7-f49-o1\" method=\"post\" class=\"wpcf7-form init\" aria-label=\"Formulario de contacto\" novalidate=\"novalidate\" data-status=\"init\">\n<fieldset class=\"hidden-fields-container\"><input type=\"hidden\" name=\"_wpcf7\" value=\"49\" \/><input type=\"hidden\" name=\"_wpcf7_version\" value=\"6.1.5\" \/><input type=\"hidden\" name=\"_wpcf7_locale\" value=\"es_ES\" \/><input type=\"hidden\" name=\"_wpcf7_unit_tag\" value=\"wpcf7-f49-o1\" \/><input type=\"hidden\" name=\"_wpcf7_container_post\" value=\"0\" \/><input type=\"hidden\" name=\"_wpcf7_posted_data_hash\" value=\"\" \/>\n<\/fieldset>\n<p><label> Tu nombre<br \/>\n<span class=\"wpcf7-form-control-wrap\" data-name=\"your-name\"><input size=\"40\" maxlength=\"400\" class=\"wpcf7-form-control wpcf7-text wpcf7-validates-as-required\" aria-required=\"true\" aria-invalid=\"false\" value=\"\" type=\"text\" name=\"your-name\" \/><\/span> <\/label>\n<\/p>\n<p><label> Tu correo electr\u00f3nico<br \/>\n<span class=\"wpcf7-form-control-wrap\" data-name=\"your-email\"><input size=\"40\" maxlength=\"400\" class=\"wpcf7-form-control wpcf7-email wpcf7-validates-as-required wpcf7-text wpcf7-validates-as-email\" aria-required=\"true\" aria-invalid=\"false\" value=\"\" type=\"email\" name=\"your-email\" \/><\/span> <\/label>\n<\/p>\n<p><label> Asunto<br \/>\n<span class=\"wpcf7-form-control-wrap\" data-name=\"your-subject\"><input size=\"40\" maxlength=\"400\" class=\"wpcf7-form-control wpcf7-text wpcf7-validates-as-required\" aria-required=\"true\" aria-invalid=\"false\" value=\"\" type=\"text\" name=\"your-subject\" \/><\/span> <\/label>\n<\/p>\n<p><label> Tu mensaje (opcional)<br \/>\n<span class=\"wpcf7-form-control-wrap\" data-name=\"your-message\"><textarea cols=\"40\" rows=\"10\" maxlength=\"2000\" class=\"wpcf7-form-control wpcf7-textarea\" aria-invalid=\"false\" name=\"your-message\"><\/textarea><\/span> <\/label>\n<\/p>\n<p><input class=\"wpcf7-form-control wpcf7-submit has-spinner\" type=\"submit\" value=\"Enviar\" \/>\n<\/p><p style=\"display: none !important;\" class=\"akismet-fields-container\" data-prefix=\"_wpcf7_ak_\"><label>&#916;<textarea name=\"_wpcf7_ak_hp_textarea\" cols=\"45\" rows=\"8\" maxlength=\"100\"><\/textarea><\/label><input type=\"hidden\" id=\"ak_js_1\" name=\"_wpcf7_ak_js\" value=\"228\"\/><script>document.getElementById( \"ak_js_1\" ).setAttribute( \"value\", ( new Date() ).getTime() );<\/script><\/p><div class=\"wpcf7-response-output\" aria-hidden=\"true\"><\/div>\n<\/form>\n<\/div>\n<\/div>\n<\/div>\n<\/div>\n<\/div>\n<\/div>\n<\/div>\n<figure class=\"wp-block-gallery has-nested-images columns-default is-cropped\"><\/figure>\n<div class=\"wp-container-1 wp-block-buttons\"><\/div>\n<h2 class=\"has-text-align-center\"><span style=\"color: #000080;\">Marlon Vel\u00e1squez V.<\/span><\/h2>\n<h2 class=\"has-text-align-center\">Consultor Empresarial<\/h2>\n<h2 class=\"has-text-align-center\"><span style=\"color: #000080;\">Celular: 3105051145<\/span><\/h2>\n<div class=\"wp-container-2 wp-block-buttons\"><\/div>","protected":false},"excerpt":{"rendered":"<p>LIDERAZGO ESTRATEGICO Y TRASNFORMACION ORGANIZACIONAL Dise\u00f1amos estrategias personalizadas de alto valor agregado alineados a los valores corporativos que impulsar\u00e1n la ejecuci\u00f3n acelerada y exitosa de la estrategia empresarial. Estamos orientados a generar resultados visibles a Traves de herramientas que nos permitan dise\u00f1ar int e r v e ncio n e s preci s a s&hellip; <br \/> <a class=\"read-more\" href=\"https:\/\/cicloinnova.com\/\">Read more<\/a><\/p>\n","protected":false},"author":1,"featured_media":0,"parent":0,"menu_order":0,"comment_status":"closed","ping_status":"closed","template":"page-templates\/homepage.php","meta":{"_monsterinsights_skip_tracking":false,"_monsterinsights_sitenote_active":false,"_monsterinsights_sitenote_note":"","_monsterinsights_sitenote_category":0,"footnotes":""},"class_list":["post-28","page","type-page","status-publish","hentry"],"_links":{"self":[{"href":"https:\/\/cicloinnova.com\/index.php\/wp-json\/wp\/v2\/pages\/28","targetHints":{"allow":["GET"]}}],"collection":[{"href":"https:\/\/cicloinnova.com\/index.php\/wp-json\/wp\/v2\/pages"}],"about":[{"href":"https:\/\/cicloinnova.com\/index.php\/wp-json\/wp\/v2\/types\/page"}],"author":[{"embeddable":true,"href":"https:\/\/cicloinnova.com\/index.php\/wp-json\/wp\/v2\/users\/1"}],"replies":[{"embeddable":true,"href":"https:\/\/cicloinnova.com\/index.php\/wp-json\/wp\/v2\/comments?post=28"}],"version-history":[{"count":20,"href":"https:\/\/cicloinnova.com\/index.php\/wp-json\/wp\/v2\/pages\/28\/revisions"}],"predecessor-version":[{"id":109,"href":"https:\/\/cicloinnova.com\/index.php\/wp-json\/wp\/v2\/pages\/28\/revisions\/109"}],"wp:attachment":[{"href":"https:\/\/cicloinnova.com\/index.php\/wp-json\/wp\/v2\/media?parent=28"}],"curies":[{"name":"wp","href":"https:\/\/api.w.org\/{rel}","templated":true}]}}